{"id":8347,"date":"2023-05-09T21:41:42","date_gmt":"2023-05-09T18:41:42","guid":{"rendered":"https:\/\/ihrelief.org\/en\/?page_id=8347"},"modified":"2023-08-14T11:06:21","modified_gmt":"2023-08-14T08:06:21","slug":"donate-now","status":"publish","type":"page","link":"https:\/\/ihrelief.org\/en\/donate-now\/","title":{"rendered":"donate now"},"content":{"rendered":"<p>[vc_row full_content_width=&#8221;row-inner-full&#8221; top=&#8221;120px&#8221; bottom=&#8221;75px&#8221; content_fadeout=&#8221;content-fadeout&#8221; bg_type=&#8221;image&#8221; bg_position=&#8221;Center center&#8221; bg_attachment=&#8221;fixed&#8221; bg_image=&#8221;8330&#8243; overlay_color=&#8221;rgba(31,153,74,0.6)&#8221;][vc_column][vc_heading h_size=&#8221;h-extralarge&#8221; title=&#8221;Donate Now&#8221; title_color=&#8221;#ffffff&#8221; subtitle=&#8221;Please choose the donation method that is most suitable for you.&#8221; subtitle_color=&#8221;#ffffff&#8221;][\/vc_column][\/vc_row][vc_row bottom=&#8221;0px&#8221;][vc_column width=&#8221;2\/3&#8243;][vc_column_text]<strong>Remember that every donation counts, and it is never too late to make a difference. Your gift can help provide hope, relief, and support to those who need it the most. Together, we can create a brighter future and make a positive impact on the world.<\/strong><\/p>\n<p><strong>Thank you for your consideration and for being a part of the change. Your donation is greatly appreciated and will make a difference in the lives of many.<\/strong>[\/vc_column_text][vc_empty_space][vc_heading title=&#8221;Bank Account Information&#8221; title_tag=&#8221;h2&#8243; divider=&#8221;div-below&#8221;][vc_column_text]While donating through a bank, add your full name, telephone number and &#8220;donation name&#8221; information in explanation part. You need to include your phone number in the payment description to receive a notification text message when we receive your donation.[\/vc_column_text][vc_empty_space height=&#8221;20px&#8221;][vc_row_inner top=&#8221;0px&#8221;][vc_column_inner width=&#8221;1\/3&#8243;][vc_column_text]<\/p>\n<h6 class=\"p1\"><strong>You can send money with Zelle\u00ae to:<\/strong><\/h6>\n<p class=\"p1\"><strong>donate@ihrusa.org<\/strong><\/p>\n<p>[\/vc_column_text][\/vc_column_inner][vc_column_inner width=&#8221;1\/3&#8243;][vc_column_text]<\/p>\n<h6 class=\"p1\"><strong>USA ACCOUNT<\/strong><\/h6>\n<p class=\"p1\"><strong>Bank Name: CHASE BANK<\/strong><\/p>\n<p class=\"p1\"><strong>Account number: 322306058<\/strong><\/p>\n<p class=\"p1\"><strong>SWIFT: CHASUS33<\/strong><\/p>\n<p>[\/vc_column_text][\/vc_column_inner][vc_column_inner width=&#8221;1\/3&#8243;][vc_column_text]<\/p>\n<h6 class=\"p1\"><strong>Vienna Account<\/strong><\/h6>\n<p class=\"p1\"><strong>Bank name: OBERBANK AG<\/strong><\/p>\n<p class=\"p1\"><strong>IBAN: AT971515000501273536<\/strong><\/p>\n<p>[\/vc_column_text][\/vc_column_inner][\/vc_row_inner][vc_column_text]<\/p>\n<h6 class=\"p1\"><strong>TURKEY ACCOUNT<\/strong><\/h6>\n<p class=\"p1\"><strong>Bank name: Ziraat Katilim Bankasi<\/strong><\/p>\n<p class=\"p1\"><strong>Organization name\/Hesap Sahibi: Uluslararas\u0131 \u0130nsani Yard\u0131m Organizasyonu Derne\u011fi<\/strong><\/p>\n<p>[\/vc_column_text][vc_row_inner top=&#8221;0px&#8221;][vc_column_inner width=&#8221;1\/3&#8243;][vc_column_text]<\/p>\n<p class=\"p1\"><strong>Currency \/ Para birimi: TRY<\/strong><\/p>\n<p class=\"p1\"><strong>IBAN: TR07 0020 9000 0022 6461 0000 01<\/strong><\/p>\n<p class=\"p1\"><strong>Account No \/ Hesap NO: 18-226461-1<\/strong><\/p>\n<p>[\/vc_column_text][\/vc_column_inner][vc_column_inner width=&#8221;1\/3&#8243;][vc_column_text]<\/p>\n<p class=\"p1\"><strong>Currency \/ Para birimi: USD<\/strong><\/p>\n<p class=\"p1\"><strong>IBAN: TR77 0020 9000 0022 6461 0000 02<\/strong><\/p>\n<p class=\"p1\"><strong>Account No \/ Hesap NO: 18-226461-2<\/strong><\/p>\n<p>[\/vc_column_text][\/vc_column_inner][vc_column_inner width=&#8221;1\/3&#8243;][vc_column_text]<\/p>\n<p class=\"p1\"><strong>Currency \/ Para birimi: ERO<\/strong><\/p>\n<p class=\"p1\"><strong>IBAN: TR50 0020 9000 0022 6461 0000 03<\/strong><\/p>\n<p class=\"p1\"><strong>Account No \/ Hesap NO: 18-226461-3<\/strong><\/p>\n<p>[\/vc_column_text][\/vc_column_inner][\/vc_row_inner][vc_empty_space height=&#8221;10px&#8221;][\/vc_column][vc_column width=&#8221;1\/3&#8243;][vc_raw_html]JTNDc2NyaXB0JTIwc3JjJTNEJTIyaHR0cHMlM0ElMkYlMkZkb25vcmJveC5vcmclMkZ3aWRnZXQuanMlMjIlMjBwYXlwYWxFeHByZXNzJTNEJTIyZmFsc2UlMjIlM0UlM0MlMkZzY3JpcHQlM0UlM0NpZnJhbWUlMjBzcmMlM0QlMjJodHRwcyUzQSUyRiUyRmRvbm9yYm94Lm9yZyUyRmVtYmVkJTJGaWhyLXVzYSUyMiUyMG5hbWUlM0QlMjJkb25vcmJveCUyMiUyMGFsbG93cGF5bWVudHJlcXVlc3QlM0QlMjJhbGxvd3BheW1lbnRyZXF1ZXN0JTIyJTIwc2VhbWxlc3MlM0QlMjJzZWFtbGVzcyUyMiUyMGZyYW1lYm9yZGVyJTNEJTIyMCUyMiUyMHNjcm9sbGluZyUzRCUyMm5vJTIyJTIwaGVpZ2h0JTNEJTIyOTAwcHglMjIlMjB3aWR0aCUzRCUyMjIwMCUyNSUyMiUyMHN0eWxlJTNEJTIybWF4LXdpZHRoJTNBODAwcHglM0IlMjBtaW4td2lkdGglM0ElMjAyNTBweCUzQiUyMG1heC1oZWlnaHQlM0Fub25lJTIxaW1wb3J0YW50JTIyJTNFJTNDJTJGaWZyYW1lJTNF[\/vc_raw_html][\/vc_column][\/vc_row]<\/p>\n","protected":false},"excerpt":{"rendered":"<p>[vc_row full_content_width=&#8221;row-inner-full&#8221; top=&#8221;120px&#8221; bottom=&#8221;75px&#8221; content_fadeout=&#8221;content-fadeout&#8221; bg_type=&#8221;image&#8221; bg_position=&#8221;Center center&#8221; bg_attachment=&#8221;fixed&#8221; bg_image=&#8221;8330&#8243; overlay_color=&#8221;rgba(31,153,74,0.6)&#8221;][vc_column][vc_heading h_size=&#8221;h-extralarge&#8221; title=&#8221;Donate Now&#8221; title_color=&#8221;#ffffff&#8221; subtitle=&#8221;Please choose the donation method that is most suitable for you.&#8221; subtitle_color=&#8221;#ffffff&#8221;][\/vc_column][\/vc_row][vc_row bottom=&#8221;0px&#8221;][vc_column width=&#8221;2\/3&#8243;][vc_column_text]Remember that every donation counts, and it is never too late to make a difference. Your gift can help provide hope, relief, and support to those who need it the most. Together, we can create a brighter future and make a positive impact on the world. Thank&#8230;  <\/p>\n<div class=\"read-more\"><a class=\"excerpt-read-more\" href=\"https:\/\/ihrelief.org\/en\/donate-now\/\" title=\"Continue reading donate now\">Read more<i class=\"fa fa-angle-right\"><\/i><\/a><\/div>\n","protected":false},"author":7,"featured_media":0,"parent":0,"menu_order":0,"comment_status":"closed","ping_status":"closed","template":"page-full-width.php","meta":{"footnotes":""},"class_list":["post-8347","page","type-page","status-publish","hentry"],"_links":{"self":[{"href":"https:\/\/ihrelief.org\/en\/wp-json\/wp\/v2\/pages\/8347"}],"collection":[{"href":"https:\/\/ihrelief.org\/en\/wp-json\/wp\/v2\/pages"}],"about":[{"href":"https:\/\/ihrelief.org\/en\/wp-json\/wp\/v2\/types\/page"}],"author":[{"embeddable":true,"href":"https:\/\/ihrelief.org\/en\/wp-json\/wp\/v2\/users\/7"}],"replies":[{"embeddable":true,"href":"https:\/\/ihrelief.org\/en\/wp-json\/wp\/v2\/comments?post=8347"}],"version-history":[{"count":47,"href":"https:\/\/ihrelief.org\/en\/wp-json\/wp\/v2\/pages\/8347\/revisions"}],"predecessor-version":[{"id":8803,"href":"https:\/\/ihrelief.org\/en\/wp-json\/wp\/v2\/pages\/8347\/revisions\/8803"}],"wp:attachment":[{"href":"https:\/\/ihrelief.org\/en\/wp-json\/wp\/v2\/media?parent=8347"}],"curies":[{"name":"wp","href":"https:\/\/api.w.org\/{rel}","templated":true}]}}